{"id":2,"date":"2025-10-28T11:11:04","date_gmt":"2025-10-28T11:11:04","guid":{"rendered":"https:\/\/www.kebabowicze.pl\/?page_id=2"},"modified":"2025-10-28T11:11:04","modified_gmt":"2025-10-28T11:11:04","slug":"sample-page","status":"publish","type":"page","link":"https:\/\/www.kebabowicze.pl\/index.php\/sample-page\/","title":{"rendered":"O nas"},"content":{"rendered":"\n<p>Witaj na naszej stronie internetowej, gdzie testujemy lokalne &#8222;kebabownie&#8221;. Pomys\u0142 na stron\u0119 powsta\u0142 ponad 10 lat temu, jednak z braku czasu posty nie pojawia\u0142y si\u0119. Raz zapomnia\u0142em op\u0142aci\u0107 domeny przez co pierwsze wpisy znikn\u0119\u0142y &#8211; z naszych pocz\u0105tk\u00f3w.<\/p>\n\n\n\n<blockquote class=\"wp-block-quote is-layout-flow wp-block-quote-is-layout-flow\">\n<p>Mam nadziej\u0119, \u017ce tym razem uda si\u0119 rzetelnie wprowadza\u0107 wpisy oraz uzupe\u0142ni\u0107 brakuj\u0105ce, kt\u00f3re czekaj\u0105 na dodanie.<\/p>\n<\/blockquote>\n\n\n\n<p><\/p>\n","protected":false},"excerpt":{"rendered":"<p>Witaj na naszej stronie internetowej, gdzie testujemy lokalne &#8222;kebabownie&#8221;. Pomys\u0142 na stron\u0119 powsta\u0142 ponad 10 lat temu, jednak z braku czasu posty nie pojawia\u0142y si\u0119. Raz zapomnia\u0142em op\u0142aci\u0107 domeny przez co pierwsze wpisy znikn\u0119\u0142y &#8211; z naszych pocz\u0105tk\u00f3w. Mam nadziej\u0119, \u017ce tym razem uda si\u0119 rzetelnie wprowadza\u0107 wpisy oraz uzupe\u0142ni\u0107 brakuj\u0105ce, kt\u00f3re czekaj\u0105 na dodanie.<\/p>\n","protected":false},"author":1,"featured_media":0,"parent":0,"menu_order":0,"comment_status":"closed","ping_status":"open","template":"","meta":{"footnotes":""},"class_list":["post-2","page","type-page","status-publish","hentry"],"_links":{"self":[{"href":"https:\/\/www.kebabowicze.pl\/index.php\/wp-json\/wp\/v2\/pages\/2","targetHints":{"allow":["GET"]}}],"collection":[{"href":"https:\/\/www.kebabowicze.pl\/index.php\/wp-json\/wp\/v2\/pages"}],"about":[{"href":"https:\/\/www.kebabowicze.pl\/index.php\/wp-json\/wp\/v2\/types\/page"}],"author":[{"embeddable":true,"href":"https:\/\/www.kebabowicze.pl\/index.php\/wp-json\/wp\/v2\/users\/1"}],"replies":[{"embeddable":true,"href":"https:\/\/www.kebabowicze.pl\/index.php\/wp-json\/wp\/v2\/comments?post=2"}],"version-history":[{"count":1,"href":"https:\/\/www.kebabowicze.pl\/index.php\/wp-json\/wp\/v2\/pages\/2\/revisions"}],"predecessor-version":[{"id":16,"href":"https:\/\/www.kebabowicze.pl\/index.php\/wp-json\/wp\/v2\/pages\/2\/revisions\/16"}],"wp:attachment":[{"href":"https:\/\/www.kebabowicze.pl\/index.php\/wp-json\/wp\/v2\/media?parent=2"}],"curies":[{"name":"wp","href":"https:\/\/api.w.org\/{rel}","templated":true}]}}